{"id":5,"date":"2024-04-17T17:37:48","date_gmt":"2024-04-17T17:37:48","guid":{"rendered":"https:\/\/saoi-cae.surfaceopc.com.ar\/?page_id=5"},"modified":"2024-10-31T18:35:36","modified_gmt":"2024-10-31T18:35:36","slug":"inscripcion","status":"publish","type":"page","link":"https:\/\/saoi-cae.surfaceopc.com.ar\/","title":{"rendered":"Formulario de inscripci\u00f3n"},"content":{"rendered":"<p>[et_pb_section fb_built=\u00bb1&#8243; disabled_on=\u00bboff|off|off\u00bb _builder_version=\u00bb3.22&#8243;][et_pb_row column_structure=\u00bb1_5,3_5,1_5&#8243; _builder_version=\u00bb4.9.3&#8243; _module_preset=\u00bbdefault\u00bb][et_pb_column type=\u00bb1_5&#8243; _builder_version=\u00bb4.9.3&#8243; _module_preset=\u00bbdefault\u00bb][\/et_pb_column][et_pb_column type=\u00bb3_5&#8243; _builder_version=\u00bb4.9.3&#8243; _module_preset=\u00bbdefault\u00bb][et_pb_image src=\u00bbhttps:\/\/saoi-cae.surfaceopc.com.ar\/wp-content\/uploads\/2024\/04\/Logo-Congreso-Final-1.png\u00bb title_text=\u00bbLogo-Congreso-Final-1&#8243; align=\u00bbcenter\u00bb src_tablet=\u00bbhttps:\/\/saoi-cae.surfaceopc.com.ar\/wp-content\/uploads\/2024\/04\/Logo-Congreso-Final-1.png\u00bb src_phone=\u00bbhttps:\/\/saoi-cae.surfaceopc.com.ar\/wp-content\/uploads\/2024\/04\/Logo-Congreso-Final-1.png\u00bb src_last_edited=\u00bbon|desktop\u00bb _builder_version=\u00bb4.9.3&#8243; _module_preset=\u00bbdefault\u00bb width_tablet=\u00bb\u00bb width_phone=\u00bb\u00bb width_last_edited=\u00bbon|phone\u00bb][\/et_pb_image][\/et_pb_column][et_pb_column type=\u00bb1_5&#8243; _builder_version=\u00bb4.9.3&#8243; _module_preset=\u00bbdefault\u00bb][\/et_pb_column][\/et_pb_row][et_pb_row column_structure=\u00bb1_2,1_2&#8243; disabled_on=\u00bbon|on|on\u00bb _builder_version=\u00bb4.9.3&#8243; _module_preset=\u00bbdefault\u00bb disabled=\u00bbon\u00bb][et_pb_column type=\u00bb1_2&#8243; _builder_version=\u00bb4.9.3&#8243; _module_preset=\u00bbdefault\u00bb][et_pb_button button_url=\u00bbhttps:\/\/docs.google.com\/forms\/d\/e\/1FAIpQLSeXjmN16TQNT8gJW3663fv3zVVeaGmZNc0U0ezTkTlsoE3SaA\/viewform\u00bb url_new_window=\u00bbon\u00bb button_text=\u00bbAlojamiento congreso SAOI-CAE Bariloche 2024&#8243; _builder_version=\u00bb4.9.3&#8243; _module_preset=\u00bbdefault\u00bb custom_button=\u00bbon\u00bb button_text_size=\u00bb18px\u00bb button_text_color=\u00bb#E06100&#8243; button_border_radius=\u00bb0px\u00bb][\/et_pb_button][\/et_pb_column][et_pb_column type=\u00bb1_2&#8243; _builder_version=\u00bb4.9.3&#8243; _module_preset=\u00bbdefault\u00bb][et_pb_button button_url=\u00bbhttps:\/\/www.bna.com.ar\/Personas\u00bb url_new_window=\u00bbon\u00bb button_text=\u00bbVer cotizaci\u00f3n Dolar oficial aqu\u00ed\u00bb _builder_version=\u00bb4.9.3&#8243; _module_preset=\u00bbdefault\u00bb custom_button=\u00bbon\u00bb button_text_size=\u00bb18px\u00bb button_text_color=\u00bb#E06100&#8243; button_border_radius=\u00bb0px\u00bb][\/et_pb_button][\/et_pb_column][\/et_pb_row][et_pb_row _builder_version=\u00bb3.25&#8243; background_size=\u00bbinitial\u00bb background_position=\u00bbtop_left\u00bb background_repeat=\u00bbrepeat\u00bb][et_pb_column type=\u00bb4_4&#8243; _builder_version=\u00bb3.25&#8243; custom_padding=\u00bb|||\u00bb custom_padding__hover=\u00bb|||\u00bb][et_pb_text disabled_on=\u00bboff|off|off\u00bb _builder_version=\u00bb4.9.3&#8243; _module_preset=\u00bbdefault\u00bb hover_enabled=\u00bb0&#8243; sticky_enabled=\u00bb0&#8243;]<\/p>\n<h2 style=\"text-align: center;\">Cerrada la de inscripci\u00f3n<\/h2>\n<p>[\/et_pb_text][et_pb_text disabled_on=\u00bbon|on|on\u00bb _builder_version=\u00bb4.9.3&#8243; background_size=\u00bbinitial\u00bb background_position=\u00bbtop_left\u00bb background_repeat=\u00bbrepeat\u00bb disabled=\u00bbon\u00bb]<\/p>\n<p>&nbsp;<\/p>\n<p><strong>Valores en USD, realizar transferencia en pesos al cambio de d\u00f3lar oficial tipo vendedor del d\u00eda del Banco Naci\u00f3n:<br \/>CUENTA CORRIENTE de BANCO GALICIA, N 18498-4008-0<br \/>CBU: 00700085 20000018498406<br \/>ALIAS: LUPA.BAMBU.MARCO<br \/>CUIT: 30707329366<\/strong><\/p>\n<p>&nbsp;<\/p>\n<p>[\/et_pb_text][et_pb_text disabled_on=\u00bbon|on|on\u00bb _builder_version=\u00bb4.9.3&#8243; _module_preset=\u00bbdefault\u00bb disabled=\u00bbon\u00bb]<\/p>\n<h2>Valores de inscripci\u00f3n<\/h2>\n<p>[\/et_pb_text][et_pb_button button_url=\u00bbhttps:\/\/www.bna.com.ar\/Personas\u00bb url_new_window=\u00bbon\u00bb button_text=\u00bbVer cotizaci\u00f3n Dolar oficial aqu\u00ed\u00bb disabled_on=\u00bbon|on|on\u00bb _builder_version=\u00bb4.9.3&#8243; _module_preset=\u00bbdefault\u00bb custom_button=\u00bbon\u00bb button_text_size=\u00bb18px\u00bb button_text_color=\u00bb#E06100&#8243; button_border_radius=\u00bb0px\u00bb disabled=\u00bbon\u00bb][\/et_pb_button][et_pb_text disabled_on=\u00bbon|on|on\u00bb _builder_version=\u00bb4.9.3&#8243; background_size=\u00bbinitial\u00bb background_position=\u00bbtop_left\u00bb background_repeat=\u00bbrepeat\u00bb disabled=\u00bbon\u00bb]<\/p>\n<p><strong>Alumnos Advance (<\/strong>deber\u00e1n haber completado el pago del Posgrado del a\u00f1o 2024 hasta 15 de Julio)<br \/>Hasta el 30\/06: USD 120<br \/>Hasta el 30\/10: USD 140<br \/>On site: USD 160<\/p>\n<p><strong>Socio\u00a0 SAOI, con cuota 2024 al d\u00eda<\/strong><br \/>Hasta el 30\/06: USD 140<br \/>Hasta el 30\/10: USD 160<br \/>On site: USD 180<\/p>\n<p><strong>Socio CAE, con cuota 2024 al d\u00eda<\/strong><br \/>Hasta el 30\/06: USD 140<br \/>Hasta el 30\/10: USD 160<br \/>On site: USD 180<\/p>\n<p><strong>No Socio, sin cuota 2024 \u00a0al d\u00eda\u00a0<\/strong><br \/>Hasta el 30\/06: USD 200<br \/>Hasta el 30\/10: USD 250<br \/>On site: USD 300<\/p>\n<p><strong>Residentes, Becarios,\u00a0Fellows de Argentina<\/strong><br \/>Hasta el 30\/06: USD 120<br \/>Hasta el 30\/10: USD 140<br \/>On site: USD 160<\/p>\n<p><strong>Ortoptistas, <\/strong><strong>Rehabilitadores, t\u00e9cnicos<br \/><\/strong>Hasta el 30\/06: USD 75<br \/>Hasta el 30\/10: USD 85<br \/>On site: USD 95<\/p>\n<p><strong>Extranjeros:<\/strong> Comunicarse a : eventos2@surfacetravel.com.ar<\/p>\n<p>[\/et_pb_text][\/et_pb_column][\/et_pb_row][\/et_pb_section][et_pb_section fb_built=\u00bb1&#8243; disabled_on=\u00bbon|on|on\u00bb _builder_version=\u00bb3.22&#8243; disabled=\u00bbon\u00bb][et_pb_row column_structure=\u00bb1_5,3_5,1_5&#8243; _builder_version=\u00bb4.9.3&#8243; _module_preset=\u00bbdefault\u00bb][et_pb_column type=\u00bb1_5&#8243; _builder_version=\u00bb4.9.3&#8243; _module_preset=\u00bbdefault\u00bb][\/et_pb_column][et_pb_column type=\u00bb3_5&#8243; _builder_version=\u00bb4.9.3&#8243; _module_preset=\u00bbdefault\u00bb][et_pb_image src=\u00bbhttps:\/\/saoi-cae.surfaceopc.com.ar\/wp-content\/uploads\/2024\/04\/Logo-Congreso-Final-1.png\u00bb title_text=\u00bbLogo-Congreso-Final-1&#8243; align=\u00bbcenter\u00bb src_tablet=\u00bbhttps:\/\/saoi-cae.surfaceopc.com.ar\/wp-content\/uploads\/2024\/04\/Logo-Congreso-Final-1.png\u00bb src_phone=\u00bbhttps:\/\/saoi-cae.surfaceopc.com.ar\/wp-content\/uploads\/2024\/04\/Logo-Congreso-Final-1.png\u00bb src_last_edited=\u00bbon|desktop\u00bb _builder_version=\u00bb4.9.3&#8243; _module_preset=\u00bbdefault\u00bb width_tablet=\u00bb\u00bb width_phone=\u00bb\u00bb width_last_edited=\u00bbon|phone\u00bb][\/et_pb_image][\/et_pb_column][et_pb_column type=\u00bb1_5&#8243; _builder_version=\u00bb4.9.3&#8243; _module_preset=\u00bbdefault\u00bb][\/et_pb_column][\/et_pb_row][et_pb_row column_structure=\u00bb1_2,1_2&#8243; _builder_version=\u00bb4.9.3&#8243; _module_preset=\u00bbdefault\u00bb][et_pb_column type=\u00bb1_2&#8243; _builder_version=\u00bb4.9.3&#8243; _module_preset=\u00bbdefault\u00bb][\/et_pb_column][et_pb_column type=\u00bb1_2&#8243; _builder_version=\u00bb4.9.3&#8243; _module_preset=\u00bbdefault\u00bb][\/et_pb_column][\/et_pb_row][et_pb_row _builder_version=\u00bb3.25&#8243; background_size=\u00bbinitial\u00bb background_position=\u00bbtop_left\u00bb background_repeat=\u00bbrepeat\u00bb][et_pb_column type=\u00bb4_4&#8243; _builder_version=\u00bb3.25&#8243; custom_padding=\u00bb|||\u00bb custom_padding__hover=\u00bb|||\u00bb][et_pb_text disabled_on=\u00bboff|off|off\u00bb _builder_version=\u00bb4.9.3&#8243; _module_preset=\u00bbdefault\u00bb]<\/p>\n<h2>Cerrada la de inscripci\u00f3n<\/h2>\n<p>[\/et_pb_text][\/et_pb_column][\/et_pb_row][\/et_pb_section][et_pb_section fb_built=\u00bb1&#8243; specialty=\u00bbon\u00bb _builder_version=\u00bb4.9.3&#8243; _module_preset=\u00bbdefault\u00bb background_color=\u00bb#D6D6D6&#8243;][et_pb_column type=\u00bb3_4&#8243; specialty_columns=\u00bb3&#8243; _builder_version=\u00bb3.25&#8243; custom_padding=\u00bb|||\u00bb custom_padding__hover=\u00bb|||\u00bb][et_pb_row_inner _builder_version=\u00bb4.9.3&#8243; _module_preset=\u00bbdefault\u00bb custom_margin=\u00bb0px|0px|0px|0px|false|false\u00bb custom_padding=\u00bb0px|0px|0px|0px|false|false\u00bb][et_pb_column_inner saved_specialty_column_type=\u00bb3_4&#8243; _builder_version=\u00bb4.9.3&#8243; _module_preset=\u00bbdefault\u00bb][et_pb_text _builder_version=\u00bb4.9.3&#8243; _module_preset=\u00bbdefault\u00bb]<\/p>\n<p>Organizan<\/p>\n<p>[\/et_pb_text][\/et_pb_column_inner][\/et_pb_row_inner][et_pb_row_inner column_structure=\u00bb1_2,1_2&#8243; _builder_version=\u00bb4.9.3&#8243; _module_preset=\u00bbdefault\u00bb width=\u00bb90%\u00bb][et_pb_column_inner type=\u00bb1_2&#8243; saved_specialty_column_type=\u00bb3_4&#8243; _builder_version=\u00bb4.9.3&#8243; _module_preset=\u00bbdefault\u00bb][et_pb_image src=\u00bbhttps:\/\/saoi-cae.surfaceopc.com.ar\/wp-content\/uploads\/2024\/04\/logo-SAOI.png\u00bb title_text=\u00bblogo-SAOI\u00bb _builder_version=\u00bb4.9.3&#8243; _module_preset=\u00bbdefault\u00bb max_width=\u00bb150px\u00bb][\/et_pb_image][\/et_pb_column_inner][et_pb_column_inner type=\u00bb1_2&#8243; saved_specialty_column_type=\u00bb3_4&#8243; _builder_version=\u00bb4.9.3&#8243; _module_preset=\u00bbdefault\u00bb][et_pb_image src=\u00bbhttps:\/\/saoi-cae.surfaceopc.com.ar\/wp-content\/uploads\/2024\/04\/cae.png\u00bb title_text=\u00bbcae\u00bb _builder_version=\u00bb4.9.3&#8243; _module_preset=\u00bbdefault\u00bb width=\u00bb85%\u00bb custom_padding=\u00bb15px||||false|false\u00bb][\/et_pb_image][\/et_pb_column_inner][\/et_pb_row_inner][\/et_pb_column][et_pb_column type=\u00bb1_4&#8243; _builder_version=\u00bb3.25&#8243; custom_padding=\u00bb|||\u00bb custom_padding__hover=\u00bb|||\u00bb][et_pb_text _builder_version=\u00bb4.9.3&#8243; _module_preset=\u00bbdefault\u00bb]<\/p>\n<p style=\"text-align: left;\">Produce<\/p>\n<p>[\/et_pb_text][et_pb_image src=\u00bbhttps:\/\/saoi-cae.surfaceopc.com.ar\/wp-content\/uploads\/2024\/04\/surfaceLogo.png\u00bb title_text=\u00bbsurfaceLogo\u00bb _builder_version=\u00bb4.9.3&#8243; _module_preset=\u00bbdefault\u00bb width=\u00bb75%\u00bb width_tablet=\u00bb50%\u00bb width_phone=\u00bb50%\u00bb width_last_edited=\u00bbon|phone\u00bb max_width_tablet=\u00bb\u00bb max_width_phone=\u00bb\u00bb max_width_last_edited=\u00bbon|phone\u00bb module_alignment=\u00bbleft\u00bb custom_padding=\u00bb35px||||false|false\u00bb][\/et_pb_image][\/et_pb_column][\/et_pb_section]<\/p>\n","protected":false},"excerpt":{"rendered":"<p>[et_pb_section fb_built=\u00bb1&#8243; disabled_on=\u00bboff|off|off\u00bb _builder_version=\u00bb3.22&#8243;][et_pb_row column_structure=\u00bb1_5,3_5,1_5&#8243; _builder_version=\u00bb4.9.3&#8243; _module_preset=\u00bbdefault\u00bb][et_pb_column type=\u00bb1_5&#8243; _builder_version=\u00bb4.9.3&#8243; _module_preset=\u00bbdefault\u00bb][\/et_pb_column][et_pb_column type=\u00bb3_5&#8243; _builder_version=\u00bb4.9.3&#8243; _module_preset=\u00bbdefault\u00bb][et_pb_image src=\u00bbhttps:\/\/saoi-cae.surfaceopc.com.ar\/wp-content\/uploads\/2024\/04\/Logo-Congreso-Final-1.png\u00bb title_text=\u00bbLogo-Congreso-Final-1&#8243; align=\u00bbcenter\u00bb src_tablet=\u00bbhttps:\/\/saoi-cae.surfaceopc.com.ar\/wp-content\/uploads\/2024\/04\/Logo-Congreso-Final-1.png\u00bb src_phone=\u00bbhttps:\/\/saoi-cae.surfaceopc.com.ar\/wp-content\/uploads\/2024\/04\/Logo-Congreso-Final-1.png\u00bb src_last_edited=\u00bbon|desktop\u00bb _builder_version=\u00bb4.9.3&#8243; _module_preset=\u00bbdefault\u00bb width_tablet=\u00bb\u00bb width_phone=\u00bb\u00bb width_last_edited=\u00bbon|phone\u00bb][\/et_pb_image][\/et_pb_column][et_pb_column type=\u00bb1_5&#8243; _builder_version=\u00bb4.9.3&#8243; _module_preset=\u00bbdefault\u00bb][\/et_pb_column][\/et_pb_row][et_pb_row column_structure=\u00bb1_2,1_2&#8243; disabled_on=\u00bbon|on|on\u00bb _builder_version=\u00bb4.9.3&#8243; _module_preset=\u00bbdefault\u00bb disabled=\u00bbon\u00bb][et_pb_column type=\u00bb1_2&#8243; _builder_version=\u00bb4.9.3&#8243; _module_preset=\u00bbdefault\u00bb][et_pb_button button_url=\u00bbhttps:\/\/docs.google.com\/forms\/d\/e\/1FAIpQLSeXjmN16TQNT8gJW3663fv3zVVeaGmZNc0U0ezTkTlsoE3SaA\/viewform\u00bb url_new_window=\u00bbon\u00bb button_text=\u00bbAlojamiento congreso SAOI-CAE Bariloche 2024&#8243; _builder_version=\u00bb4.9.3&#8243; _module_preset=\u00bbdefault\u00bb custom_button=\u00bbon\u00bb button_text_size=\u00bb18px\u00bb button_text_color=\u00bb#E06100&#8243; button_border_radius=\u00bb0px\u00bb][\/et_pb_button][\/et_pb_column][et_pb_column type=\u00bb1_2&#8243; _builder_version=\u00bb4.9.3&#8243; _module_preset=\u00bbdefault\u00bb][et_pb_button button_url=\u00bbhttps:\/\/www.bna.com.ar\/Personas\u00bb url_new_window=\u00bbon\u00bb button_text=\u00bbVer cotizaci\u00f3n [&hellip;]<\/p>\n","protected":false},"author":3,"featured_media":0,"parent":0,"menu_order":0,"comment_status":"closed","ping_status":"closed","template":"page-template-blank.php","meta":{"_et_pb_use_builder":"on","_et_pb_old_content":"<p>[forminator_form id=\"8\"]<\/p><p><strong>Valores en USD, transferencias\u00a0 en pesos al cambio de d\u00f3lar oficial:<br \/><\/strong><strong>CUENTA CORRIENTE de BANCO GALICIA, N 18498-4008-0<br \/><\/strong><strong>CBU: 00700085 20000018498406<br \/><\/strong><strong>ALIAS: LUPA.BAMBU.MARCO<br \/><\/strong><strong>CUIT: 30707329366<\/strong><\/p><p><strong>Advance, pago del a\u00f1o 2024\u00a0Completo hasta 15 de Julio <\/strong><br \/>Hasta el 30\/05: USD 120<br \/>Hasta el 15\/08: USD 140<br \/>On site: USD 160<\/p><p><strong>Socio\u00a0 SAOI, con cuota 2024 al d\u00eda<\/strong><br \/>Hasta el 30\/05: USD 140<br \/>Hasta el 15\/08: USD 160<br \/>On site: USD 180<\/p><p><strong>Socio CAE, con cuota 2024 al d\u00eda<\/strong><br \/>Hasta el 30\/05: USD 140<br \/>Hasta el 15\/08: USD 160<br \/>On site: USD 180<\/p><p><strong>No Socio, sin cuota 2024 \u00a0al d\u00eda\u00a0<\/strong><br \/>Hasta el 30\/05: USD 200<br \/>Hasta el 15\/08: USD 250<br \/>On site: USD 300<\/p><p><strong>Residentes, Becarios,\u00a0Fellows de Argentina<\/strong><br \/>Hasta el 30\/05: USD 120<br \/>Hasta el 15\/08: USD 140<br \/>On site: USD 160<\/p><p><strong>Ortoptistas, <\/strong><strong>Rehabilitadores, t\u00e9cnicos<br \/><\/strong>Hasta el 30\/05: USD 75<br \/>Hasta el 15\/08: USD 85<br \/>On site: USD 95<\/p>","_et_gb_content_width":"","footnotes":""},"class_list":["post-5","page","type-page","status-publish","hentry"],"_links":{"self":[{"href":"https:\/\/saoi-cae.surfaceopc.com.ar\/index.php?rest_route=\/wp\/v2\/pages\/5","targetHints":{"allow":["GET"]}}],"collection":[{"href":"https:\/\/saoi-cae.surfaceopc.com.ar\/index.php?rest_route=\/wp\/v2\/pages"}],"about":[{"href":"https:\/\/saoi-cae.surfaceopc.com.ar\/index.php?rest_route=\/wp\/v2\/types\/page"}],"author":[{"embeddable":true,"href":"https:\/\/saoi-cae.surfaceopc.com.ar\/index.php?rest_route=\/wp\/v2\/users\/3"}],"replies":[{"embeddable":true,"href":"https:\/\/saoi-cae.surfaceopc.com.ar\/index.php?rest_route=%2Fwp%2Fv2%2Fcomments&post=5"}],"version-history":[{"count":76,"href":"https:\/\/saoi-cae.surfaceopc.com.ar\/index.php?rest_route=\/wp\/v2\/pages\/5\/revisions"}],"predecessor-version":[{"id":219,"href":"https:\/\/saoi-cae.surfaceopc.com.ar\/index.php?rest_route=\/wp\/v2\/pages\/5\/revisions\/219"}],"wp:attachment":[{"href":"https:\/\/saoi-cae.surfaceopc.com.ar\/index.php?rest_route=%2Fwp%2Fv2%2Fmedia&parent=5"}],"curies":[{"name":"wp","href":"https:\/\/api.w.org\/{rel}","templated":true}]}}